{"id":33,"date":"2018-05-09T02:44:36","date_gmt":"2018-05-09T02:44:36","guid":{"rendered":"http:\/\/www.websitesfl.com\/clients\/polskiefirmy\/register\/"},"modified":"2018-05-30T02:02:27","modified_gmt":"2018-05-29T21:02:27","slug":"zarejestruj-sie","status":"publish","type":"page","link":"https:\/\/kierunekfloryda.com\/polskiefirmy\/zarejestruj-sie\/","title":{"rendered":"Zarejestruj si\u0119"},"content":{"rendered":"<p><strong>ZASADY NASZEGO KATALOGU<\/strong><\/p>\n<p>Wpisy w naszym katalogu s\u0105 ca\u0142kowicie darmowe. Nie zamierzamy te\u017c wprowadzi\u0107 za nie op\u0142at w przysz\u0142o\u015bci.<\/p>\n<p>Dopisuj\u0105c swoj\u0105 firm\u0119 do katalogu zgadzasz si\u0119 na opublikowanie jej danych na naszej stronie.<\/p>\n<p>Je\u015bli nie znalaz\u0142e\u015b kategorii pasuj\u0105cej do Twojej dzia\u0142alno\u015bci, dodaj swoj\u0105 firm\u0119 do kategorii POZOSTA\u0141E.<\/p>\n<p>Nie odpowiadamy za tre\u015b\u0107 og\u0142osze\u0144. Zamieszczone wpisy firm nie s\u0105 naszymi rekomendacjami.<\/p>\n<p>Zastrzegamy sobie prawo do nieumieszczenia danego og\u0142oszenia na naszej stronie.<\/p>\n<p>Je\u015bli jeste\u015b agentem nieruchomo\u015bci zapraszamy do wsp\u00f3\u0142pracy na\u00a0<a href=\"http:\/\/nieruchomoscifl.com\/agenci-nieruchomosci-poszukiwani\/\" target=\"_blank\" rel=\"noopener\">nieruchomoscifl.com\/agenci-nieruchomosci-poszukiwani<\/a><\/p>\n<p>Je\u015bli masz jakiekolwiek pytania, napisz do nas <a href=\"http:\/\/www.KierunekFloryda.com\/kontakt\">KierunekFloryda.com\/kontakt<\/a><\/p>\n<p><strong>W CELU DODANIA WPISU DO NASZEJ STRONY, MUSISZ NAJPIERW SI\u0118 ZAREJESTROWA\u0106<\/strong><\/p>\n<p>Mo\u017cesz r\u00f3wnie\u017c wys\u0142a\u0107 nam maila z danymi swojej firmy, kt\u00f3r\u0105 chcesz doda\u0107 do naszego katalogu i zrobimy to za Ciebie. \ud83d\ude42 W tym celu skorzystaj z formularza na\u00a0<a href=\"http:\/\/www.KierunekFloryda.com\/kontakt\">KierunekFloryda.com\/kontakt<\/a><\/p>\n\r\n<div class=\"acadp acadp-register-form\">\r\n\t<!-- Show errors if there are any -->\r\n\t\r\n\t<form id=\"acadp-register-form\" action=\"https:\/\/kierunekfloryda.com\/polskiefirmy\/wp-login.php?action=register\" method=\"post\" role=\"form\">\r\n\t\t<div class=\"form-horizontal\">\r\n\t\t\t<div class=\"form-group\">\r\n\t\t\t\t<label for=\"acadp-username\" class=\"col-sm-3 control-label\">Username <strong>*<\/strong><\/label>\r\n\t\t\t\t<div class=\"col-sm-9\">\r\n\t\t\t\t\t<input type=\"text\" name=\"username\" id=\"acadp-username\" class=\"form-control\" required \/>\r\n\t\t\t\t\t<span class=\"help-block\">Usernames cannot be changed.<\/span>\r\n\t\t\t\t<\/div>\r\n\t\t\t<\/div>\r\n\r\n\t\t\t<div class=\"form-group\">\r\n\t\t\t\t<label for=\"acadp-first-name\" class=\"col-sm-3 control-label\">First Name<\/label>\r\n\t\t\t\t<div class=\"col-sm-9\">\r\n\t\t\t\t\t<input type=\"text\" name=\"first_name\" id=\"acadp-first-name\" class=\"form-control\" \/>\r\n\t\t\t\t<\/div>\r\n\t\t\t<\/div>\r\n\r\n\t\t\t<div class=\"form-group\">\r\n\t\t\t\t<label for=\"acadp-last-name\" class=\"col-sm-3 control-label\">Last Name<\/label>\r\n\t\t\t\t<div class=\"col-sm-9\">\r\n\t\t\t\t\t<input type=\"text\" name=\"last_name\" id=\"acadp-last-name\" class=\"form-control\" \/>\r\n\t\t\t\t<\/div>\r\n\t\t\t<\/div>\r\n\t\t\t\r\n\t\t\t<div class=\"form-group\">\r\n\t\t\t\t<label for=\"acadp-email\" class=\"col-sm-3 control-label\">E-mail Address <strong>*<\/strong><\/label>\r\n\t\t\t\t<div class=\"col-sm-9\">\r\n\t\t\t\t\t<input type=\"text\" name=\"email\" id=\"acadp-email\" class=\"form-control\" required \/>\r\n\t\t\t\t<\/div>\r\n\t\t\t<\/div>\r\n\t\t\t\r\n\t\t\t<div class=\"form-group\">\r\n\t\t\t\t<label for=\"acadp-pass1\" class=\"col-sm-3 control-label\">Password <strong>*<\/strong><\/label>\r\n\t\t\t\t<div class=\"col-sm-9\">\r\n\t\t\t\t\t<input type=\"password\" name=\"pass1\" id=\"acadp-pass1\" class=\"form-control\" autocomplete=\"off\" required \/>\r\n\t\t\t\t<\/div>\r\n\t\t\t<\/div>\r\n\t\t\t\r\n\t\t\t<div class=\"form-group\">\r\n\t\t\t\t<label for=\"acadp-pass2\" class=\"col-sm-3 control-label\">Confirm Password <strong>*<\/strong><\/label>\r\n\t\t\t\t<div class=\"col-sm-9\">\r\n\t\t\t\t\t<input type=\"password\" name=\"pass2\" id=\"acadp-pass2\" class=\"form-control\" autocomplete=\"off\" data-match=\"#acadp-pass1\" required \/>\r\n\t\t\t\t<\/div>\r\n\t\t\t<\/div>\r\n\r\n\t\t\t<!-- Hook for developers to add new fields -->\r\n\t\t\t\t\t<\/div>\r\n\r\n\t\t<div class=\"col-sm-offset-3 col-sm-9\">\r\n\t\t\t<div class=\"form-group acadp-terms_of_agreement\"><div class=\"checkbox\"><label><input type=\"checkbox\" name=\"terms_of_agreement\" required \/>Zgadzam si\u0119 na poni\u017csze warunki.<span class=\"acadp-star\">*<\/span><\/label><\/div>Wpisy w naszym katalogu s\u0105 ca\u0142kowicie darmowe. Nie zamierzamy te\u017c wprowadzi\u0107 za nie op\u0142at w przysz\u0142o\u015bci.<br \/>\r\n<br \/>\r\nDopisuj\u0105c swoj\u0105 firm\u0119 do katalogu zgadzasz si\u0119 na opublikowanie jej danych na naszej stronie.<br \/>\r\n<br \/>\r\nJe\u015bli nie znalaz\u0142e\u015b kategorii pasuj\u0105cej do Twojej dzia\u0142alno\u015bci, dodaj swoj\u0105 firm\u0119 do kategorii POZOSTA\u0141E.<br \/>\r\n<br \/>\r\nNie odpowiadamy za tre\u015b\u0107 og\u0142osze\u0144. Zamieszczone wpisy firm nie s\u0105 naszymi rekomendacjami.<br \/>\r\n<br \/>\r\nZastrzegamy sobie prawo do nieumieszczenia danego og\u0142oszenia na naszej stronie.<br \/>\r\n<br \/>\r\nJe\u015bli jeste\u015b agentem nieruchomo\u015bci zapraszamy do wsp\u00f3\u0142pracy na\u00a0<a href=\"http:\/\/nieruchomoscifl.com\/agenci-nieruchomosci-poszukiwani\/\" target=\"_blank\" rel=\"noopener\">nieruchomoscifl.com\/agenci-nieruchomosci-poszukiwani<\/a><br \/>\r\n<br \/>\r\nJe\u015bli masz jakiekolwiek pytania, napisz do nas <a href=\"http:\/\/www.KierunekFloryda.com\/kontakt\">KierunekFloryda.com\/kontakt<\/a><\/div>\t\t\t\r\n\t\t\t<div id=\"acadp-registration-g-recaptcha\"><\/div>\r\n\t\t\t<div id=\"acadp-registration-g-recaptcha-message\"><\/div>\r\n\t\r\n\t\t\t\t\t\t\r\n\t\t\t<input type=\"submit\" name=\"submit\" class=\"btn btn-primary\" value=\"Register\" \/>\r\n\t\t<\/div>\r\n\t<\/form>\r\n<\/div>\n","protected":false},"excerpt":{"rendered":"<p>ZASADY NASZEGO KATALOGU Wpisy w naszym katalogu s\u0105 ca\u0142kowicie darmowe. Nie zamierzamy te\u017c wprowadzi\u0107 za nie op\u0142at w przysz\u0142o\u015bci. Dopisuj\u0105c swoj\u0105 firm\u0119 do katalogu zgadzasz si\u0119 na opublikowanie jej danych na naszej stronie. Je\u015bli nie znalaz\u0142e\u015b kategorii pasuj\u0105cej do Twojej dzia\u0142alno\u015bci, dodaj swoj\u0105 firm\u0119 do kategorii POZOSTA\u0141E. Nie odpowiadamy za tre\u015b\u0107 og\u0142osze\u0144. Zamieszczone wpisy firm [&hellip;]<\/p>\n","protected":false},"author":1,"featured_media":0,"parent":0,"menu_order":0,"comment_status":"closed","ping_status":"closed","template":"","meta":{"footnotes":""},"class_list":["post-33","page","type-page","status-publish","hentry"],"_links":{"self":[{"href":"https:\/\/kierunekfloryda.com\/polskiefirmy\/wp-json\/wp\/v2\/pages\/33","targetHints":{"allow":["GET"]}}],"collection":[{"href":"https:\/\/kierunekfloryda.com\/polskiefirmy\/wp-json\/wp\/v2\/pages"}],"about":[{"href":"https:\/\/kierunekfloryda.com\/polskiefirmy\/wp-json\/wp\/v2\/types\/page"}],"author":[{"embeddable":true,"href":"https:\/\/kierunekfloryda.com\/polskiefirmy\/wp-json\/wp\/v2\/users\/1"}],"replies":[{"embeddable":true,"href":"https:\/\/kierunekfloryda.com\/polskiefirmy\/wp-json\/wp\/v2\/comments?post=33"}],"version-history":[{"count":5,"href":"https:\/\/kierunekfloryda.com\/polskiefirmy\/wp-json\/wp\/v2\/pages\/33\/revisions"}],"predecessor-version":[{"id":263,"href":"https:\/\/kierunekfloryda.com\/polskiefirmy\/wp-json\/wp\/v2\/pages\/33\/revisions\/263"}],"wp:attachment":[{"href":"https:\/\/kierunekfloryda.com\/polskiefirmy\/wp-json\/wp\/v2\/media?parent=33"}],"curies":[{"name":"wp","href":"https:\/\/api.w.org\/{rel}","templated":true}]}}