{"id":18,"date":"2018-05-09T02:44:36","date_gmt":"2018-05-09T02:44:36","guid":{"rendered":"http:\/\/www.websitesfl.com\/clients\/polskiefirmy\/listing-locations\/"},"modified":"2018-05-14T23:54:01","modified_gmt":"2018-05-14T18:54:01","slug":"miasta","status":"publish","type":"page","link":"https:\/\/kierunekfloryda.com\/polskiefirmy\/miasta\/","title":{"rendered":"Miasta"},"content":{"rendered":"\r\n<div class=\"acadp acadp-locations\">\r\n\t<div class=\"row\"><div class=\"col-md-4\"><a href=\"https:\/\/kierunekfloryda.com\/polskiefirmy\/listing-location\/bonita-springs\/\" title=\"View all posts in Bonita Springs\"><strong>Bonita Springs<\/strong> (1)<\/a><\/div><div class=\"col-md-4\"><a href=\"https:\/\/kierunekfloryda.com\/polskiefirmy\/listing-location\/bradenton\/\" title=\"View all posts in Bradenton\"><strong>Bradenton<\/strong> (1)<\/a><\/div><div class=\"col-md-4\"><a href=\"https:\/\/kierunekfloryda.com\/polskiefirmy\/listing-location\/bunnell\/\" title=\"View all posts in Bunnell\"><strong>Bunnell<\/strong> (2)<\/a><\/div><\/div><div class=\"row\"><div class=\"col-md-4\"><a href=\"https:\/\/kierunekfloryda.com\/polskiefirmy\/listing-location\/cala-floryda\/\" title=\"View all posts in Ca\u0142a Floryda\"><strong>Ca\u0142a Floryda<\/strong> (2)<\/a><\/div><div class=\"col-md-4\"><a href=\"https:\/\/kierunekfloryda.com\/polskiefirmy\/listing-location\/clearwater\/\" title=\"View all posts in Clearwater\"><strong>Clearwater<\/strong> (6)<\/a><\/div><div class=\"col-md-4\"><a href=\"https:\/\/kierunekfloryda.com\/polskiefirmy\/listing-location\/clermont\/\" title=\"View all posts in Clermont\"><strong>Clermont<\/strong> (2)<\/a><\/div><\/div><div class=\"row\"><div class=\"col-md-4\"><a href=\"https:\/\/kierunekfloryda.com\/polskiefirmy\/listing-location\/davie\/\" title=\"View all posts in Davie\"><strong>Davie<\/strong> (1)<\/a><\/div><div class=\"col-md-4\"><a href=\"https:\/\/kierunekfloryda.com\/polskiefirmy\/listing-location\/daytona-beach\/\" title=\"View all posts in Daytona Beach\"><strong>Daytona Beach<\/strong> (1)<\/a><\/div><div class=\"col-md-4\"><a href=\"https:\/\/kierunekfloryda.com\/polskiefirmy\/listing-location\/deerfield-beach\/\" title=\"View all posts in Deerfield Beach\"><strong>Deerfield Beach<\/strong> (2)<\/a><\/div><\/div><div class=\"row\"><div class=\"col-md-4\"><a href=\"https:\/\/kierunekfloryda.com\/polskiefirmy\/listing-location\/dunedin\/\" title=\"View all posts in Dunedin\"><strong>Dunedin<\/strong> (1)<\/a><\/div><div class=\"col-md-4\"><a href=\"https:\/\/kierunekfloryda.com\/polskiefirmy\/listing-location\/ellenton\/\" title=\"View all posts in Ellenton\"><strong>Ellenton<\/strong> (1)<\/a><\/div><div class=\"col-md-4\"><a href=\"https:\/\/kierunekfloryda.com\/polskiefirmy\/listing-location\/fort-lauderdale\/\" title=\"View all posts in Fort Lauderdale\"><strong>Fort Lauderdale<\/strong> (1)<\/a><\/div><\/div><div class=\"row\"><div class=\"col-md-4\"><a href=\"https:\/\/kierunekfloryda.com\/polskiefirmy\/listing-location\/fort-myers\/\" title=\"View all posts in Fort Myers\"><strong>Fort Myers<\/strong> (1)<\/a><\/div><div class=\"col-md-4\"><a href=\"https:\/\/kierunekfloryda.com\/polskiefirmy\/listing-location\/greenacres\/\" title=\"View all posts in Greenacres\"><strong>Greenacres<\/strong> (1)<\/a><\/div><div class=\"col-md-4\"><a href=\"https:\/\/kierunekfloryda.com\/polskiefirmy\/listing-location\/hallandale\/\" title=\"View all posts in Hallandale\"><strong>Hallandale<\/strong> (1)<\/a><\/div><\/div><div class=\"row\"><div class=\"col-md-4\"><a href=\"https:\/\/kierunekfloryda.com\/polskiefirmy\/listing-location\/holiday\/\" title=\"View all posts in Holiday\"><strong>Holiday<\/strong> (1)<\/a><\/div><div class=\"col-md-4\"><a href=\"https:\/\/kierunekfloryda.com\/polskiefirmy\/listing-location\/hollywood\/\" title=\"View all posts in Hollywood\"><strong>Hollywood<\/strong> (1)<\/a><\/div><div class=\"col-md-4\"><a href=\"https:\/\/kierunekfloryda.com\/polskiefirmy\/listing-location\/hudson\/\" title=\"View all posts in Hudson\"><strong>Hudson<\/strong> (1)<\/a><\/div><\/div><div class=\"row\"><div class=\"col-md-4\"><a href=\"https:\/\/kierunekfloryda.com\/polskiefirmy\/listing-location\/jacksonville\/\" title=\"View all posts in Jacksonville\"><strong>Jacksonville<\/strong> (3)<\/a><\/div><div class=\"col-md-4\"><a href=\"https:\/\/kierunekfloryda.com\/polskiefirmy\/listing-location\/jensen-beach\/\" title=\"View all posts in Jensen Beach\"><strong>Jensen Beach<\/strong> (2)<\/a><\/div><div class=\"col-md-4\"><a href=\"https:\/\/kierunekfloryda.com\/polskiefirmy\/listing-location\/key-west\/\" title=\"View all posts in Key West\"><strong>Key West<\/strong> (2)<\/a><\/div><\/div><div class=\"row\"><div class=\"col-md-4\"><a href=\"https:\/\/kierunekfloryda.com\/polskiefirmy\/listing-location\/lantana\/\" title=\"View all posts in Lantana\"><strong>Lantana<\/strong> (1)<\/a><\/div><div class=\"col-md-4\"><a href=\"https:\/\/kierunekfloryda.com\/polskiefirmy\/listing-location\/largo\/\" title=\"View all posts in Largo\"><strong>Largo<\/strong> (1)<\/a><\/div><div class=\"col-md-4\"><a href=\"https:\/\/kierunekfloryda.com\/polskiefirmy\/listing-location\/leesburg\/\" title=\"View all posts in Leesburg\"><strong>Leesburg<\/strong> (1)<\/a><\/div><\/div><div class=\"row\"><div class=\"col-md-4\"><a href=\"https:\/\/kierunekfloryda.com\/polskiefirmy\/listing-location\/lehigh-acres\/\" title=\"View all posts in Lehigh Acres\"><strong>Lehigh Acres<\/strong> (1)<\/a><\/div><div class=\"col-md-4\"><a href=\"https:\/\/kierunekfloryda.com\/polskiefirmy\/listing-location\/melbourne\/\" title=\"View all posts in Melbourne\"><strong>Melbourne<\/strong> (1)<\/a><\/div><div class=\"col-md-4\"><a href=\"https:\/\/kierunekfloryda.com\/polskiefirmy\/listing-location\/miami\/\" title=\"View all posts in Miami\"><strong>Miami<\/strong> (3)<\/a><\/div><\/div><div class=\"row\"><div class=\"col-md-4\"><a href=\"https:\/\/kierunekfloryda.com\/polskiefirmy\/listing-location\/miami-beach\/\" title=\"View all posts in Miami Beach\"><strong>Miami Beach<\/strong> (1)<\/a><\/div><div class=\"col-md-4\"><a href=\"https:\/\/kierunekfloryda.com\/polskiefirmy\/listing-location\/naples\/\" title=\"View all posts in Naples\"><strong>Naples<\/strong> (2)<\/a><\/div><div class=\"col-md-4\"><a href=\"https:\/\/kierunekfloryda.com\/polskiefirmy\/listing-location\/new-port-richey\/\" title=\"View all posts in New Port Richey\"><strong>New Port Richey<\/strong> (4)<\/a><\/div><\/div><div class=\"row\"><div class=\"col-md-4\"><a href=\"https:\/\/kierunekfloryda.com\/polskiefirmy\/listing-location\/north-lauderdale\/\" title=\"View all posts in North Lauderdale\"><strong>North Lauderdale<\/strong> (1)<\/a><\/div><div class=\"col-md-4\"><a href=\"https:\/\/kierunekfloryda.com\/polskiefirmy\/listing-location\/north-port\/\" title=\"View all posts in North Port\"><strong>North Port<\/strong> (1)<\/a><\/div><div class=\"col-md-4\"><a href=\"https:\/\/kierunekfloryda.com\/polskiefirmy\/listing-location\/orlando\/\" title=\"View all posts in Orlando\"><strong>Orlando<\/strong> (1)<\/a><\/div><\/div><div class=\"row\"><div class=\"col-md-4\"><a href=\"https:\/\/kierunekfloryda.com\/polskiefirmy\/listing-location\/palm-coast\/\" title=\"View all posts in Palm Coast\"><strong>Palm Coast<\/strong> (1)<\/a><\/div><div class=\"col-md-4\"><a href=\"https:\/\/kierunekfloryda.com\/polskiefirmy\/listing-location\/palm-harbor\/\" title=\"View all posts in Palm Harbor\"><strong>Palm Harbor<\/strong> (2)<\/a><\/div><div class=\"col-md-4\"><a href=\"https:\/\/kierunekfloryda.com\/polskiefirmy\/listing-location\/pensacola\/\" title=\"View all posts in Pensacola\"><strong>Pensacola<\/strong> (1)<\/a><\/div><\/div><div class=\"row\"><div class=\"col-md-4\"><a href=\"https:\/\/kierunekfloryda.com\/polskiefirmy\/listing-location\/pinellas-park\/\" title=\"View all posts in Pinellas Park\"><strong>Pinellas Park<\/strong> (1)<\/a><\/div><div class=\"col-md-4\"><a href=\"https:\/\/kierunekfloryda.com\/polskiefirmy\/listing-location\/pompano-beach\/\" title=\"View all posts in Pompano Beach\"><strong>Pompano Beach<\/strong> (4)<\/a><\/div><div class=\"col-md-4\"><a href=\"https:\/\/kierunekfloryda.com\/polskiefirmy\/listing-location\/port-richey\/\" title=\"View all posts in Port Richey\"><strong>Port Richey<\/strong> (1)<\/a><\/div><\/div><div class=\"row\"><div class=\"col-md-4\"><a href=\"https:\/\/kierunekfloryda.com\/polskiefirmy\/listing-location\/port-st-lucie\/\" title=\"View all posts in Port St. Lucie\"><strong>Port St. Lucie<\/strong> (1)<\/a><\/div><div class=\"col-md-4\"><a href=\"https:\/\/kierunekfloryda.com\/polskiefirmy\/listing-location\/saint-petersburg\/\" title=\"View all posts in Saint Petersburg\"><strong>Saint Petersburg<\/strong> (5)<\/a><\/div><div class=\"col-md-4\"><a href=\"https:\/\/kierunekfloryda.com\/polskiefirmy\/listing-location\/sarasota\/\" title=\"View all posts in Sarasota\"><strong>Sarasota<\/strong> (14)<\/a><\/div><\/div><div class=\"row\"><div class=\"col-md-4\"><a href=\"https:\/\/kierunekfloryda.com\/polskiefirmy\/listing-location\/tamarac\/\" title=\"View all posts in Tamarac\"><strong>Tamarac<\/strong> (1)<\/a><\/div><div class=\"col-md-4\"><a href=\"https:\/\/kierunekfloryda.com\/polskiefirmy\/listing-location\/tampa\/\" title=\"View all posts in Tampa\"><strong>Tampa<\/strong> (3)<\/a><\/div><div class=\"col-md-4\"><a href=\"https:\/\/kierunekfloryda.com\/polskiefirmy\/listing-location\/tarpon-springs\/\" title=\"View all posts in Tarpon Springs\"><strong>Tarpon Springs<\/strong> (1)<\/a><\/div><\/div><div class=\"row\"><div class=\"col-md-4\"><a href=\"https:\/\/kierunekfloryda.com\/polskiefirmy\/listing-location\/venice\/\" title=\"View all posts in Venice\"><strong>Venice<\/strong> (3)<\/a><\/div><div class=\"col-md-4\"><a href=\"https:\/\/kierunekfloryda.com\/polskiefirmy\/listing-location\/vero-beach\/\" title=\"View all posts in Vero Beach\"><strong>Vero Beach<\/strong> (1)<\/a><\/div><div class=\"col-md-4\"><a href=\"https:\/\/kierunekfloryda.com\/polskiefirmy\/listing-location\/west-palm-beach\/\" title=\"View all posts in West Palm Beach\"><strong>West Palm Beach<\/strong> (3)<\/a><\/div><\/div><div class=\"row\"><div class=\"col-md-4\"><a href=\"https:\/\/kierunekfloryda.com\/polskiefirmy\/listing-location\/winter-park\/\" title=\"View all posts in Winter Park\"><strong>Winter Park<\/strong> (2)<\/a><\/div><\/div><\/div>\r\n\r\n\n<h2><strong>Ostatnio dodane wpisy<\/strong><\/h2>\n\r\n<div class=\"acadp acadp-listings acadp-list-view\">\r\n\t\t\t<!-- header here -->\r\n                \r\n                    <div class=\"row acadp-no-margin\">\r\n                <form action=\"https:\/\/kierunekfloryda.com\/polskiefirmy\/miasta\/\" method=\"POST\" class=\"form-inline\">\r\n                    <div class=\"btn-toolbar\" role=\"toolbar\">\r\n                                                    <!-- total items count -->\r\n                            <p class=\"btn-group pull-left text-muted acadp-xs-clear-float\">\r\n                                96 item(s) found                            <\/p>\r\n                                        \r\n                                                    <!-- Orderby dropdown -->\r\n                            <div class=\"btn-group pull-right acadp-xs-clear-float\" role=\"group\">\r\n                                <div class=\"form-group\">\r\n                                    <select name=\"sort\" class=\"form-control\" onchange=\"this.form.action=this.value; this.form.submit();\">\r\n                                        <option value=\"\/polskiefirmy\/wp-json\/wp\/v2\/pages\/18?sort=date-desc\">-- Sort by --<\/option><option value=\"\/polskiefirmy\/wp-json\/wp\/v2\/pages\/18?sort=title-asc\" >A to Z (title)<\/option><option value=\"\/polskiefirmy\/wp-json\/wp\/v2\/pages\/18?sort=title-desc\" >Z to A (title)<\/option><option value=\"\/polskiefirmy\/wp-json\/wp\/v2\/pages\/18?sort=date-desc\"  selected='selected'>Recently added (latest)<\/option><option value=\"\/polskiefirmy\/wp-json\/wp\/v2\/pages\/18?sort=date-asc\" >Date added (oldest)<\/option><option value=\"\/polskiefirmy\/wp-json\/wp\/v2\/pages\/18?sort=views-desc\" >Most viewed<\/option><option value=\"\/polskiefirmy\/wp-json\/wp\/v2\/pages\/18?sort=views-asc\" >Less viewed<\/option>                                    <\/select>\r\n                                <\/div>\r\n                            <\/div>\r\n                                                \r\n                                                    <!-- Views dropdown -->\r\n                            <div class=\"btn-group pull-right acadp-xs-clear-float\" role=\"group\">\r\n                                <div class=\"form-group\">\r\n                                    <select name=\"view\" class=\"form-control\" onchange=\"this.form.action=this.value; this.form.submit();\">\r\n                                        <option value=\"\/polskiefirmy\/wp-json\/wp\/v2\/pages\/18?view=list\">-- View as --<\/option><option value=\"\/polskiefirmy\/wp-json\/wp\/v2\/pages\/18?view=list\"  selected='selected'>List<\/option>                                    <\/select>\r\n                                <\/div>\r\n                            <\/div>\r\n                                           \r\n                    <\/div>\r\n                <\/form>\r\n            <\/div>\r\n                \r\n\t<div class=\"acadp-divider\"><\/div>\r\n    \r\n\t<!-- the loop -->\r\n    <div class=\"acadp-body\">\r\n                    <div class=\"row acadp-entry\">\r\n                                    <div class=\"col-md-2\">   \r\n                        <a href=\"https:\/\/kierunekfloryda.com\/polskiefirmy\/katalog\/ellenton-family-practice-direct\/\"><img decoding=\"async\" src=\"https:\/\/kierunekfloryda.com\/polskiefirmy\/wp-content\/uploads\/2018\/11\/Screenshot_20181108-124902_Facebook-290x300.jpg\" alt=\"\" \/><\/a>      \t\r\n                    <\/div>\r\n                                \r\n                <div class=\"col-md-10\">            \r\n                    <div class=\"acadp-listings-title-block\">\r\n                        <h3 class=\"acadp-no-margin\"><a href=\"https:\/\/kierunekfloryda.com\/polskiefirmy\/katalog\/ellenton-family-practice-direct\/\">Ellenton Family Practice Direct<\/a><\/h3>\r\n                    <\/div>\r\n    \r\n                    <p class=\"acadp-no-margin\"><small class=\"text-muted\"><\/small><\/p><p class=\"acadp-no-margin\"><small><span class=\"glyphicon glyphicon-briefcase\"><\/span>&nbsp;<a href=\"https:\/\/kierunekfloryda.com\/polskiefirmy\/kategoria\/lekarze\/\">Lekarze<\/a> \/ <span class=\"glyphicon glyphicon-map-marker\"><\/span>&nbsp;<a href=\"https:\/\/kierunekfloryda.com\/polskiefirmy\/listing-location\/ellenton\/\">Ellenton<\/a><\/small><\/p>                    \r\n                                     <\/div>\r\n                \r\n                            <\/div>\r\n            \r\n            <div class=\"acadp-divider\"><\/div>\r\n                    <div class=\"row acadp-entry\">\r\n                                    <div class=\"col-md-2\">   \r\n                        <a href=\"https:\/\/kierunekfloryda.com\/polskiefirmy\/katalog\/lekcje-tanca-towarzyskiego\/\"><img decoding=\"async\" src=\"https:\/\/kierunekfloryda.com\/polskiefirmy\/wp-content\/uploads\/2020\/12\/78CF66BA-AE18-4C8A-9A92-78C668D64DE6-300x200.jpeg\" alt=\"\" \/><\/a>      \t\r\n                    <\/div>\r\n                                \r\n                <div class=\"col-md-10\">            \r\n                    <div class=\"acadp-listings-title-block\">\r\n                        <h3 class=\"acadp-no-margin\"><a href=\"https:\/\/kierunekfloryda.com\/polskiefirmy\/katalog\/lekcje-tanca-towarzyskiego\/\">Lekcje ta\u0144ca towarzyskiego<\/a><\/h3>\r\n                    <\/div>\r\n    \r\n                    <p class=\"acadp-no-margin\"><small class=\"text-muted\"><\/small><\/p><p class=\"acadp-no-margin\"><small><span class=\"glyphicon glyphicon-briefcase\"><\/span>&nbsp;<a href=\"https:\/\/kierunekfloryda.com\/polskiefirmy\/kategoria\/pozostale\/\">Pozosta\u0142e<\/a> \/ <span class=\"glyphicon glyphicon-map-marker\"><\/span>&nbsp;<a href=\"https:\/\/kierunekfloryda.com\/polskiefirmy\/listing-location\/tampa\/\">Tampa<\/a><\/small><\/p>                    \r\n                                     <\/div>\r\n                \r\n                            <\/div>\r\n            \r\n            <div class=\"acadp-divider\"><\/div>\r\n                    <div class=\"row acadp-entry\">\r\n                                    <div class=\"col-md-2\">   \r\n                        <a href=\"https:\/\/kierunekfloryda.com\/polskiefirmy\/katalog\/monika-sadowski-glam-studio\/\"><img decoding=\"async\" src=\"https:\/\/kierunekfloryda.com\/polskiefirmy\/wp-content\/uploads\/2020\/12\/MonikaSadowskiGlamStudio-300x212.jpg\" alt=\"\" \/><\/a>      \t\r\n                    <\/div>\r\n                                \r\n                <div class=\"col-md-10\">            \r\n                    <div class=\"acadp-listings-title-block\">\r\n                        <h3 class=\"acadp-no-margin\"><a href=\"https:\/\/kierunekfloryda.com\/polskiefirmy\/katalog\/monika-sadowski-glam-studio\/\">Monika Sadowski Glam Studio<\/a><\/h3>\r\n                    <\/div>\r\n    \r\n                    <p class=\"acadp-no-margin\"><small class=\"text-muted\"><\/small><\/p><p class=\"acadp-no-margin\"><small><span class=\"glyphicon glyphicon-briefcase\"><\/span>&nbsp;<a href=\"https:\/\/kierunekfloryda.com\/polskiefirmy\/kategoria\/uroda\/\">Uroda<\/a> \/ <span class=\"glyphicon glyphicon-map-marker\"><\/span>&nbsp;<a href=\"https:\/\/kierunekfloryda.com\/polskiefirmy\/listing-location\/tampa\/\">Tampa<\/a><\/small><\/p>                    \r\n                                     <\/div>\r\n                \r\n                            <\/div>\r\n            \r\n            <div class=\"acadp-divider\"><\/div>\r\n                    <div class=\"row acadp-entry\">\r\n                                    <div class=\"col-md-2\">   \r\n                        <a href=\"https:\/\/kierunekfloryda.com\/polskiefirmy\/katalog\/halina-l-bielowicz-irs-approved-tax-preparer\/\"><img decoding=\"async\" src=\"https:\/\/kierunekfloryda.com\/polskiefirmy\/wp-content\/uploads\/2019\/02\/HalinaBielowicz-300x171.jpg\" alt=\"\" \/><\/a>      \t\r\n                    <\/div>\r\n                                \r\n                <div class=\"col-md-10\">            \r\n                    <div class=\"acadp-listings-title-block\">\r\n                        <h3 class=\"acadp-no-margin\"><a href=\"https:\/\/kierunekfloryda.com\/polskiefirmy\/katalog\/halina-l-bielowicz-irs-approved-tax-preparer\/\">Halina L. Bielowicz, IRS Approved Tax Preparer<\/a><\/h3>\r\n                    <\/div>\r\n    \r\n                    <p class=\"acadp-no-margin\"><small class=\"text-muted\"><\/small><\/p><p class=\"acadp-no-margin\"><small><span class=\"glyphicon glyphicon-briefcase\"><\/span>&nbsp;<a href=\"https:\/\/kierunekfloryda.com\/polskiefirmy\/kategoria\/ksiegowosc\/\">Ksi\u0119gowo\u015b\u0107<\/a> \/ <span class=\"glyphicon glyphicon-map-marker\"><\/span>&nbsp;<a href=\"https:\/\/kierunekfloryda.com\/polskiefirmy\/listing-location\/bradenton\/\">Bradenton<\/a><\/small><\/p>                    \r\n                                     <\/div>\r\n                \r\n                            <\/div>\r\n            \r\n            <div class=\"acadp-divider\"><\/div>\r\n                    <div class=\"row acadp-entry\">\r\n                                    <div class=\"col-md-2\">   \r\n                        <a href=\"https:\/\/kierunekfloryda.com\/polskiefirmy\/katalog\/masaze-aneta-lmt-sarasota\/\"><img decoding=\"async\" src=\"https:\/\/kierunekfloryda.com\/polskiefirmy\/wp-content\/uploads\/2019\/01\/MasazeAnetaLMT-276x300.jpeg\" alt=\"\" \/><\/a>      \t\r\n                    <\/div>\r\n                                \r\n                <div class=\"col-md-10\">            \r\n                    <div class=\"acadp-listings-title-block\">\r\n                        <h3 class=\"acadp-no-margin\"><a href=\"https:\/\/kierunekfloryda.com\/polskiefirmy\/katalog\/masaze-aneta-lmt-sarasota\/\">Masa\u017ce Aneta LMT, Sarasota<\/a><\/h3>\r\n                    <\/div>\r\n    \r\n                    <p class=\"acadp-no-margin\"><small class=\"text-muted\"><\/small><\/p><p class=\"acadp-no-margin\"><small><span class=\"glyphicon glyphicon-briefcase\"><\/span>&nbsp;<a href=\"https:\/\/kierunekfloryda.com\/polskiefirmy\/kategoria\/uroda\/\">Uroda<\/a> \/ <span class=\"glyphicon glyphicon-map-marker\"><\/span>&nbsp;<a href=\"https:\/\/kierunekfloryda.com\/polskiefirmy\/listing-location\/sarasota\/\">Sarasota<\/a><\/small><\/p>                    \r\n                                     <\/div>\r\n                \r\n                            <\/div>\r\n            \r\n            <div class=\"acadp-divider\"><\/div>\r\n            <\/div>\r\n    <!-- end of the loop -->\r\n    \r\n    <!-- use reset postdata to restore orginal query -->\r\n        \r\n    <!-- pagination here -->\r\n    <div class='row text-center acadp-no-margin'><div class='pull-left text-muted'>Page 1 of 20<\/div><ul class='pagination acadp-no-margin'><li class=\"active\"><span aria-current=\"page\" class=\"page-numbers current\">1<\/span><\/li><li><a class=\"page-numbers\" href=\"https:\/\/kierunekfloryda.com\/polskiefirmy\/wp-json\/wp\/v2\/pages\/18\/page\/2\">2<\/a><\/li><li><a class=\"page-numbers\" href=\"https:\/\/kierunekfloryda.com\/polskiefirmy\/wp-json\/wp\/v2\/pages\/18\/page\/3\">3<\/a><\/li><li><span class=\"page-numbers dots\">&hellip;<\/span><\/li><li><a class=\"page-numbers\" href=\"https:\/\/kierunekfloryda.com\/polskiefirmy\/wp-json\/wp\/v2\/pages\/18\/page\/20\">20<\/a><\/li><li><a class=\"next page-numbers\" href=\"https:\/\/kierunekfloryda.com\/polskiefirmy\/wp-json\/wp\/v2\/pages\/18\/page\/2\">&raquo;<\/a><\/li><\/ul><\/div><\/div>\r\n\r\n\n","protected":false},"excerpt":{"rendered":"<p>Ostatnio dodane wpisy<\/p>\n","protected":false},"author":1,"featured_media":0,"parent":0,"menu_order":0,"comment_status":"closed","ping_status":"closed","template":"","meta":{"footnotes":""},"class_list":["post-18","page","type-page","status-publish","hentry"],"_links":{"self":[{"href":"https:\/\/kierunekfloryda.com\/polskiefirmy\/wp-json\/wp\/v2\/pages\/18","targetHints":{"allow":["GET"]}}],"collection":[{"href":"https:\/\/kierunekfloryda.com\/polskiefirmy\/wp-json\/wp\/v2\/pages"}],"about":[{"href":"https:\/\/kierunekfloryda.com\/polskiefirmy\/wp-json\/wp\/v2\/types\/page"}],"author":[{"embeddable":true,"href":"https:\/\/kierunekfloryda.com\/polskiefirmy\/wp-json\/wp\/v2\/users\/1"}],"replies":[{"embeddable":true,"href":"https:\/\/kierunekfloryda.com\/polskiefirmy\/wp-json\/wp\/v2\/comments?post=18"}],"version-history":[{"count":6,"href":"https:\/\/kierunekfloryda.com\/polskiefirmy\/wp-json\/wp\/v2\/pages\/18\/revisions"}],"predecessor-version":[{"id":208,"href":"https:\/\/kierunekfloryda.com\/polskiefirmy\/wp-json\/wp\/v2\/pages\/18\/revisions\/208"}],"wp:attachment":[{"href":"https:\/\/kierunekfloryda.com\/polskiefirmy\/wp-json\/wp\/v2\/media?parent=18"}],"curies":[{"name":"wp","href":"https:\/\/api.w.org\/{rel}","templated":true}]}}