{"id":17,"date":"2018-05-09T02:44:36","date_gmt":"2018-05-09T02:44:36","guid":{"rendered":"http:\/\/www.websitesfl.com\/clients\/polskiefirmy\/listings\/"},"modified":"2019-04-05T21:21:27","modified_gmt":"2019-04-05T16:21:27","slug":"listings","status":"publish","type":"page","link":"https:\/\/kierunekfloryda.com\/polskiefirmy\/","title":{"rendered":""},"content":{"rendered":"<p><img decoding=\"async\" class=\"alignnone size-full wp-image-453\" src=\"http:\/\/kieruneksarasota.com\/polskiefirmy\/wp-content\/uploads\/2019\/04\/polskie_firmy_na_florydzie.png\" alt=\"\" width=\"100%\" srcset=\"https:\/\/kierunekfloryda.com\/polskiefirmy\/wp-content\/uploads\/2019\/04\/polskie_firmy_na_florydzie.png 960w, https:\/\/kierunekfloryda.com\/polskiefirmy\/wp-content\/uploads\/2019\/04\/polskie_firmy_na_florydzie-300x78.png 300w, https:\/\/kierunekfloryda.com\/polskiefirmy\/wp-content\/uploads\/2019\/04\/polskie_firmy_na_florydzie-768x200.png 768w\" sizes=\"(max-width: 960px) 100vw, 960px\" \/><\/p>\n<h3>Ostatnio dodane wpisy<\/h3>\n\r\n<div class=\"acadp acadp-listings acadp-list-view\">\r\n\t\t\t<!-- header here -->\r\n                \r\n                    <div class=\"row acadp-no-margin\">\r\n                <form action=\"https:\/\/kierunekfloryda.com\/polskiefirmy\/\" method=\"POST\" class=\"form-inline\">\r\n                    <div class=\"btn-toolbar\" role=\"toolbar\">\r\n                                                    <!-- total items count -->\r\n                            <p class=\"btn-group pull-left text-muted acadp-xs-clear-float\">\r\n                                96 item(s) found                            <\/p>\r\n                                        \r\n                                                    <!-- Orderby dropdown -->\r\n                            <div class=\"btn-group pull-right acadp-xs-clear-float\" role=\"group\">\r\n                                <div class=\"form-group\">\r\n                                    <select name=\"sort\" class=\"form-control\" onchange=\"this.form.action=this.value; this.form.submit();\">\r\n                                        <option value=\"\/polskiefirmy\/wp-json\/wp\/v2\/pages\/17?sort=date-desc\">-- Sort by --<\/option><option value=\"\/polskiefirmy\/wp-json\/wp\/v2\/pages\/17?sort=title-asc\" >A to Z (title)<\/option><option value=\"\/polskiefirmy\/wp-json\/wp\/v2\/pages\/17?sort=title-desc\" >Z to A (title)<\/option><option value=\"\/polskiefirmy\/wp-json\/wp\/v2\/pages\/17?sort=date-desc\"  selected='selected'>Recently added (latest)<\/option><option value=\"\/polskiefirmy\/wp-json\/wp\/v2\/pages\/17?sort=date-asc\" >Date added (oldest)<\/option><option value=\"\/polskiefirmy\/wp-json\/wp\/v2\/pages\/17?sort=views-desc\" >Most viewed<\/option><option value=\"\/polskiefirmy\/wp-json\/wp\/v2\/pages\/17?sort=views-asc\" >Less viewed<\/option>                                    <\/select>\r\n                                <\/div>\r\n                            <\/div>\r\n                                                \r\n                                                    <!-- Views dropdown -->\r\n                            <div class=\"btn-group pull-right acadp-xs-clear-float\" role=\"group\">\r\n                                <div class=\"form-group\">\r\n                                    <select name=\"view\" class=\"form-control\" onchange=\"this.form.action=this.value; this.form.submit();\">\r\n                                        <option value=\"\/polskiefirmy\/wp-json\/wp\/v2\/pages\/17?view=list\">-- View as --<\/option><option value=\"\/polskiefirmy\/wp-json\/wp\/v2\/pages\/17?view=list\"  selected='selected'>List<\/option>                                    <\/select>\r\n                                <\/div>\r\n                            <\/div>\r\n                                           \r\n                    <\/div>\r\n                <\/form>\r\n            <\/div>\r\n                \r\n\t<div class=\"acadp-divider\"><\/div>\r\n    \r\n\t<!-- the loop -->\r\n    <div class=\"acadp-body\">\r\n                    <div class=\"row acadp-entry\">\r\n                                    <div class=\"col-md-2\">   \r\n                        <a href=\"https:\/\/kierunekfloryda.com\/polskiefirmy\/katalog\/ellenton-family-practice-direct\/\"><img decoding=\"async\" src=\"https:\/\/kierunekfloryda.com\/polskiefirmy\/wp-content\/uploads\/2018\/11\/Screenshot_20181108-124902_Facebook-290x300.jpg\" alt=\"\" \/><\/a>      \t\r\n                    <\/div>\r\n                                \r\n                <div class=\"col-md-10\">            \r\n                    <div class=\"acadp-listings-title-block\">\r\n                        <h3 class=\"acadp-no-margin\"><a href=\"https:\/\/kierunekfloryda.com\/polskiefirmy\/katalog\/ellenton-family-practice-direct\/\">Ellenton Family Practice Direct<\/a><\/h3>\r\n                    <\/div>\r\n    \r\n                    <p class=\"acadp-no-margin\"><small class=\"text-muted\"><\/small><\/p><p class=\"acadp-no-margin\"><small><span class=\"glyphicon glyphicon-briefcase\"><\/span>&nbsp;<a href=\"https:\/\/kierunekfloryda.com\/polskiefirmy\/kategoria\/lekarze\/\">Lekarze<\/a> \/ <span class=\"glyphicon glyphicon-map-marker\"><\/span>&nbsp;<a href=\"https:\/\/kierunekfloryda.com\/polskiefirmy\/listing-location\/ellenton\/\">Ellenton<\/a><\/small><\/p>                    \r\n                                     <\/div>\r\n                \r\n                            <\/div>\r\n            \r\n            <div class=\"acadp-divider\"><\/div>\r\n                    <div class=\"row acadp-entry\">\r\n                                    <div class=\"col-md-2\">   \r\n                        <a href=\"https:\/\/kierunekfloryda.com\/polskiefirmy\/katalog\/lekcje-tanca-towarzyskiego\/\"><img decoding=\"async\" src=\"https:\/\/kierunekfloryda.com\/polskiefirmy\/wp-content\/uploads\/2020\/12\/78CF66BA-AE18-4C8A-9A92-78C668D64DE6-300x200.jpeg\" alt=\"\" \/><\/a>      \t\r\n                    <\/div>\r\n                                \r\n                <div class=\"col-md-10\">            \r\n                    <div class=\"acadp-listings-title-block\">\r\n                        <h3 class=\"acadp-no-margin\"><a href=\"https:\/\/kierunekfloryda.com\/polskiefirmy\/katalog\/lekcje-tanca-towarzyskiego\/\">Lekcje ta\u0144ca towarzyskiego<\/a><\/h3>\r\n                    <\/div>\r\n    \r\n                    <p class=\"acadp-no-margin\"><small class=\"text-muted\"><\/small><\/p><p class=\"acadp-no-margin\"><small><span class=\"glyphicon glyphicon-briefcase\"><\/span>&nbsp;<a href=\"https:\/\/kierunekfloryda.com\/polskiefirmy\/kategoria\/pozostale\/\">Pozosta\u0142e<\/a> \/ <span class=\"glyphicon glyphicon-map-marker\"><\/span>&nbsp;<a href=\"https:\/\/kierunekfloryda.com\/polskiefirmy\/listing-location\/tampa\/\">Tampa<\/a><\/small><\/p>                    \r\n                                     <\/div>\r\n                \r\n                            <\/div>\r\n            \r\n            <div class=\"acadp-divider\"><\/div>\r\n                    <div class=\"row acadp-entry\">\r\n                                    <div class=\"col-md-2\">   \r\n                        <a href=\"https:\/\/kierunekfloryda.com\/polskiefirmy\/katalog\/monika-sadowski-glam-studio\/\"><img decoding=\"async\" src=\"https:\/\/kierunekfloryda.com\/polskiefirmy\/wp-content\/uploads\/2020\/12\/MonikaSadowskiGlamStudio-300x212.jpg\" alt=\"\" \/><\/a>      \t\r\n                    <\/div>\r\n                                \r\n                <div class=\"col-md-10\">            \r\n                    <div class=\"acadp-listings-title-block\">\r\n                        <h3 class=\"acadp-no-margin\"><a href=\"https:\/\/kierunekfloryda.com\/polskiefirmy\/katalog\/monika-sadowski-glam-studio\/\">Monika Sadowski Glam Studio<\/a><\/h3>\r\n                    <\/div>\r\n    \r\n                    <p class=\"acadp-no-margin\"><small class=\"text-muted\"><\/small><\/p><p class=\"acadp-no-margin\"><small><span class=\"glyphicon glyphicon-briefcase\"><\/span>&nbsp;<a href=\"https:\/\/kierunekfloryda.com\/polskiefirmy\/kategoria\/uroda\/\">Uroda<\/a> \/ <span class=\"glyphicon glyphicon-map-marker\"><\/span>&nbsp;<a href=\"https:\/\/kierunekfloryda.com\/polskiefirmy\/listing-location\/tampa\/\">Tampa<\/a><\/small><\/p>                    \r\n                                     <\/div>\r\n                \r\n                            <\/div>\r\n            \r\n            <div class=\"acadp-divider\"><\/div>\r\n                    <div class=\"row acadp-entry\">\r\n                                    <div class=\"col-md-2\">   \r\n                        <a href=\"https:\/\/kierunekfloryda.com\/polskiefirmy\/katalog\/halina-l-bielowicz-irs-approved-tax-preparer\/\"><img decoding=\"async\" src=\"https:\/\/kierunekfloryda.com\/polskiefirmy\/wp-content\/uploads\/2019\/02\/HalinaBielowicz-300x171.jpg\" alt=\"\" \/><\/a>      \t\r\n                    <\/div>\r\n                                \r\n                <div class=\"col-md-10\">            \r\n                    <div class=\"acadp-listings-title-block\">\r\n                        <h3 class=\"acadp-no-margin\"><a href=\"https:\/\/kierunekfloryda.com\/polskiefirmy\/katalog\/halina-l-bielowicz-irs-approved-tax-preparer\/\">Halina L. Bielowicz, IRS Approved Tax Preparer<\/a><\/h3>\r\n                    <\/div>\r\n    \r\n                    <p class=\"acadp-no-margin\"><small class=\"text-muted\"><\/small><\/p><p class=\"acadp-no-margin\"><small><span class=\"glyphicon glyphicon-briefcase\"><\/span>&nbsp;<a href=\"https:\/\/kierunekfloryda.com\/polskiefirmy\/kategoria\/ksiegowosc\/\">Ksi\u0119gowo\u015b\u0107<\/a> \/ <span class=\"glyphicon glyphicon-map-marker\"><\/span>&nbsp;<a href=\"https:\/\/kierunekfloryda.com\/polskiefirmy\/listing-location\/bradenton\/\">Bradenton<\/a><\/small><\/p>                    \r\n                                     <\/div>\r\n                \r\n                            <\/div>\r\n            \r\n            <div class=\"acadp-divider\"><\/div>\r\n                    <div class=\"row acadp-entry\">\r\n                                    <div class=\"col-md-2\">   \r\n                        <a href=\"https:\/\/kierunekfloryda.com\/polskiefirmy\/katalog\/masaze-aneta-lmt-sarasota\/\"><img decoding=\"async\" src=\"https:\/\/kierunekfloryda.com\/polskiefirmy\/wp-content\/uploads\/2019\/01\/MasazeAnetaLMT-276x300.jpeg\" alt=\"\" \/><\/a>      \t\r\n                    <\/div>\r\n                                \r\n                <div class=\"col-md-10\">            \r\n                    <div class=\"acadp-listings-title-block\">\r\n                        <h3 class=\"acadp-no-margin\"><a href=\"https:\/\/kierunekfloryda.com\/polskiefirmy\/katalog\/masaze-aneta-lmt-sarasota\/\">Masa\u017ce Aneta LMT, Sarasota<\/a><\/h3>\r\n                    <\/div>\r\n    \r\n                    <p class=\"acadp-no-margin\"><small class=\"text-muted\"><\/small><\/p><p class=\"acadp-no-margin\"><small><span class=\"glyphicon glyphicon-briefcase\"><\/span>&nbsp;<a href=\"https:\/\/kierunekfloryda.com\/polskiefirmy\/kategoria\/uroda\/\">Uroda<\/a> \/ <span class=\"glyphicon glyphicon-map-marker\"><\/span>&nbsp;<a href=\"https:\/\/kierunekfloryda.com\/polskiefirmy\/listing-location\/sarasota\/\">Sarasota<\/a><\/small><\/p>                    \r\n                                     <\/div>\r\n                \r\n                            <\/div>\r\n            \r\n            <div class=\"acadp-divider\"><\/div>\r\n            <\/div>\r\n    <!-- end of the loop -->\r\n    \r\n    <!-- use reset postdata to restore orginal query -->\r\n        \r\n    <!-- pagination here -->\r\n    <div class='row text-center acadp-no-margin'><div class='pull-left text-muted'>Page 1 of 20<\/div><ul class='pagination acadp-no-margin'><li class=\"active\"><span aria-current=\"page\" class=\"page-numbers current\">1<\/span><\/li><li><a class=\"page-numbers\" href=\"https:\/\/kierunekfloryda.com\/polskiefirmy\/wp-json\/wp\/v2\/pages\/17\/page\/2\">2<\/a><\/li><li><a class=\"page-numbers\" href=\"https:\/\/kierunekfloryda.com\/polskiefirmy\/wp-json\/wp\/v2\/pages\/17\/page\/3\">3<\/a><\/li><li><span class=\"page-numbers dots\">&hellip;<\/span><\/li><li><a class=\"page-numbers\" href=\"https:\/\/kierunekfloryda.com\/polskiefirmy\/wp-json\/wp\/v2\/pages\/17\/page\/20\">20<\/a><\/li><li><a class=\"next page-numbers\" href=\"https:\/\/kierunekfloryda.com\/polskiefirmy\/wp-json\/wp\/v2\/pages\/17\/page\/2\">&raquo;<\/a><\/li><\/ul><\/div><\/div>\r\n\r\n\n<h3>\r\n<div class=\"acadp acadp-categories acadp-image-grid\">\r\n\t<div class=\"row acadp-no-margin\"><div class=\"col-md-4\"><div class=\"thumbnail\"><a href=\"https:\/\/kierunekfloryda.com\/polskiefirmy\/kategoria\/polskie-firmy-budowlane\/\" class=\"acadp-responsive-container\" title=\"View all posts in Budowlane\"><img decoding=\"async\" src=\"https:\/\/kierunekfloryda.com\/polskiefirmy\/wp-content\/uploads\/2018\/05\/firmybudowlane-300x198.jpg\" class=\"acadp-responsive-item\" alt=\"\" \/><\/a><div class=\"caption\"><h3 class=\"acadp-no-margin\"><a href=\"https:\/\/kierunekfloryda.com\/polskiefirmy\/kategoria\/polskie-firmy-budowlane\/\" title=\"View all posts in Budowlane\"><strong>Budowlane<\/strong> (0)<\/a><\/h3><\/div><\/div><\/div><div class=\"col-md-4\"><div class=\"thumbnail\"><a href=\"https:\/\/kierunekfloryda.com\/polskiefirmy\/kategoria\/komputery\/\" class=\"acadp-responsive-container\" title=\"View all posts in Komputery\"><img decoding=\"async\" src=\"https:\/\/kierunekfloryda.com\/polskiefirmy\/wp-content\/uploads\/2018\/05\/uslugikomputery-300x200.jpg\" class=\"acadp-responsive-item\" alt=\"\" \/><\/a><div class=\"caption\"><h3 class=\"acadp-no-margin\"><a href=\"https:\/\/kierunekfloryda.com\/polskiefirmy\/kategoria\/komputery\/\" title=\"View all posts in Komputery\"><strong>Komputery<\/strong> (2)<\/a><\/h3><\/div><\/div><\/div><div class=\"col-md-4\"><div class=\"thumbnail\"><a href=\"https:\/\/kierunekfloryda.com\/polskiefirmy\/kategoria\/koscioly\/\" class=\"acadp-responsive-container\" title=\"View all posts in Ko\u015bcio\u0142y\"><img decoding=\"async\" src=\"https:\/\/kierunekfloryda.com\/polskiefirmy\/wp-content\/uploads\/2018\/05\/polskiekoscioly-300x200.jpg\" class=\"acadp-responsive-item\" alt=\"\" \/><\/a><div class=\"caption\"><h3 class=\"acadp-no-margin\"><a href=\"https:\/\/kierunekfloryda.com\/polskiefirmy\/kategoria\/koscioly\/\" title=\"View all posts in Ko\u015bcio\u0142y\"><strong>Ko\u015bcio\u0142y<\/strong> (14)<\/a><\/h3><\/div><\/div><\/div><\/div><div class=\"row acadp-no-margin\"><div class=\"col-md-4\"><div class=\"thumbnail\"><a href=\"https:\/\/kierunekfloryda.com\/polskiefirmy\/kategoria\/ksiegowosc\/\" class=\"acadp-responsive-container\" title=\"View all posts in Ksi\u0119gowo\u015b\u0107\"><img decoding=\"async\" src=\"https:\/\/kierunekfloryda.com\/polskiefirmy\/wp-content\/uploads\/2018\/05\/ksiegowosc-300x200.jpg\" class=\"acadp-responsive-item\" alt=\"\" \/><\/a><div class=\"caption\"><h3 class=\"acadp-no-margin\"><a href=\"https:\/\/kierunekfloryda.com\/polskiefirmy\/kategoria\/ksiegowosc\/\" title=\"View all posts in Ksi\u0119gowo\u015b\u0107\"><strong>Ksi\u0119gowo\u015b\u0107<\/strong> (2)<\/a><\/h3><\/div><\/div><\/div><div class=\"col-md-4\"><div class=\"thumbnail\"><a href=\"https:\/\/kierunekfloryda.com\/polskiefirmy\/kategoria\/lekarze\/\" class=\"acadp-responsive-container\" title=\"View all posts in Lekarze\"><img decoding=\"async\" src=\"https:\/\/kierunekfloryda.com\/polskiefirmy\/wp-content\/uploads\/2018\/05\/lekarz-300x200.jpg\" class=\"acadp-responsive-item\" alt=\"\" \/><\/a><div class=\"caption\"><h3 class=\"acadp-no-margin\"><a href=\"https:\/\/kierunekfloryda.com\/polskiefirmy\/kategoria\/lekarze\/\" title=\"View all posts in Lekarze\"><strong>Lekarze<\/strong> (2)<\/a><\/h3><\/div><\/div><\/div><div class=\"col-md-4\"><div class=\"thumbnail\"><a href=\"https:\/\/kierunekfloryda.com\/polskiefirmy\/kategoria\/motoryzacja\/\" class=\"acadp-responsive-container\" title=\"View all posts in Motoryzacja\"><img decoding=\"async\" src=\"https:\/\/kierunekfloryda.com\/polskiefirmy\/wp-content\/uploads\/2018\/05\/motoryzacja-300x199.jpg\" class=\"acadp-responsive-item\" alt=\"\" \/><\/a><div class=\"caption\"><h3 class=\"acadp-no-margin\"><a href=\"https:\/\/kierunekfloryda.com\/polskiefirmy\/kategoria\/motoryzacja\/\" title=\"View all posts in Motoryzacja\"><strong>Motoryzacja<\/strong> (0)<\/a><\/h3><\/div><\/div><\/div><\/div><div class=\"row acadp-no-margin\"><div class=\"col-md-4\"><div class=\"thumbnail\"><a href=\"https:\/\/kierunekfloryda.com\/polskiefirmy\/kategoria\/nieruchomosci\/\" class=\"acadp-responsive-container\" title=\"View all posts in Nieruchomo\u015bci\"><img decoding=\"async\" src=\"https:\/\/kierunekfloryda.com\/polskiefirmy\/wp-content\/uploads\/2018\/05\/domzbasenem-300x200.jpg\" class=\"acadp-responsive-item\" alt=\"\" \/><\/a><div class=\"caption\"><h3 class=\"acadp-no-margin\"><a href=\"https:\/\/kierunekfloryda.com\/polskiefirmy\/kategoria\/nieruchomosci\/\" title=\"View all posts in Nieruchomo\u015bci\"><strong>Nieruchomo\u015bci<\/strong> (1)<\/a><\/h3><\/div><\/div><\/div><div class=\"col-md-4\"><div class=\"thumbnail\"><a href=\"https:\/\/kierunekfloryda.com\/polskiefirmy\/kategoria\/organizacje\/\" class=\"acadp-responsive-container\" title=\"View all posts in Organizacje\"><img decoding=\"async\" src=\"https:\/\/kierunekfloryda.com\/polskiefirmy\/wp-content\/uploads\/2018\/05\/mapapolska-300x200.jpg\" class=\"acadp-responsive-item\" alt=\"\" \/><\/a><div class=\"caption\"><h3 class=\"acadp-no-margin\"><a href=\"https:\/\/kierunekfloryda.com\/polskiefirmy\/kategoria\/organizacje\/\" title=\"View all posts in Organizacje\"><strong>Organizacje<\/strong> (12)<\/a><\/h3><\/div><\/div><\/div><div class=\"col-md-4\"><div class=\"thumbnail\"><a href=\"https:\/\/kierunekfloryda.com\/polskiefirmy\/kategoria\/paczki-do-europy\/\" class=\"acadp-responsive-container\" title=\"View all posts in Paczki do Europy\"><img decoding=\"async\" src=\"https:\/\/kierunekfloryda.com\/polskiefirmy\/wp-content\/uploads\/2018\/06\/paczkidoeuropy-300x210.png\" class=\"acadp-responsive-item\" alt=\"\" \/><\/a><div class=\"caption\"><h3 class=\"acadp-no-margin\"><a href=\"https:\/\/kierunekfloryda.com\/polskiefirmy\/kategoria\/paczki-do-europy\/\" title=\"View all posts in Paczki do Europy\"><strong>Paczki do Europy<\/strong> (27)<\/a><\/h3><\/div><\/div><\/div><\/div><div class=\"row acadp-no-margin\"><div class=\"col-md-4\"><div class=\"thumbnail\"><a href=\"https:\/\/kierunekfloryda.com\/polskiefirmy\/kategoria\/pozostale\/\" class=\"acadp-responsive-container\" title=\"View all posts in Pozosta\u0142e\"><img decoding=\"async\" src=\"https:\/\/kierunekfloryda.com\/polskiefirmy\/wp-content\/uploads\/2018\/05\/pracownicy-300x200.jpg\" class=\"acadp-responsive-item\" alt=\"\" \/><\/a><div class=\"caption\"><h3 class=\"acadp-no-margin\"><a href=\"https:\/\/kierunekfloryda.com\/polskiefirmy\/kategoria\/pozostale\/\" title=\"View all posts in Pozosta\u0142e\"><strong>Pozosta\u0142e<\/strong> (4)<\/a><\/h3><\/div><\/div><\/div><div class=\"col-md-4\"><div class=\"thumbnail\"><a href=\"https:\/\/kierunekfloryda.com\/polskiefirmy\/kategoria\/rekodzielo\/\" class=\"acadp-responsive-container\" title=\"View all posts in R\u0119kodzie\u0142o\"><img decoding=\"async\" src=\"https:\/\/kierunekfloryda.com\/polskiefirmy\/wp-content\/uploads\/2018\/05\/polskierekodzielo-300x200.jpg\" class=\"acadp-responsive-item\" alt=\"\" \/><\/a><div class=\"caption\"><h3 class=\"acadp-no-margin\"><a href=\"https:\/\/kierunekfloryda.com\/polskiefirmy\/kategoria\/rekodzielo\/\" title=\"View all posts in R\u0119kodzie\u0142o\"><strong>R\u0119kodzie\u0142o<\/strong> (1)<\/a><\/h3><\/div><\/div><\/div><div class=\"col-md-4\"><div class=\"thumbnail\"><a href=\"https:\/\/kierunekfloryda.com\/polskiefirmy\/kategoria\/restauracje\/\" class=\"acadp-responsive-container\" title=\"View all posts in Restauracje\"><img decoding=\"async\" src=\"https:\/\/kierunekfloryda.com\/polskiefirmy\/wp-content\/uploads\/2018\/05\/polskierestauracje-300x200.jpg\" class=\"acadp-responsive-item\" alt=\"\" \/><\/a><div class=\"caption\"><h3 class=\"acadp-no-margin\"><a href=\"https:\/\/kierunekfloryda.com\/polskiefirmy\/kategoria\/restauracje\/\" title=\"View all posts in Restauracje\"><strong>Restauracje<\/strong> (3)<\/a><\/h3><\/div><\/div><\/div><\/div><div class=\"row acadp-no-margin\"><div class=\"col-md-4\"><div class=\"thumbnail\"><a href=\"https:\/\/kierunekfloryda.com\/polskiefirmy\/kategoria\/sklepy\/\" class=\"acadp-responsive-container\" title=\"View all posts in Sklepy\"><img decoding=\"async\" src=\"https:\/\/kierunekfloryda.com\/polskiefirmy\/wp-content\/uploads\/2018\/06\/polskiesklepy-300x200.jpg\" class=\"acadp-responsive-item\" alt=\"\" \/><\/a><div class=\"caption\"><h3 class=\"acadp-no-margin\"><a href=\"https:\/\/kierunekfloryda.com\/polskiefirmy\/kategoria\/sklepy\/\" title=\"View all posts in Sklepy\"><strong>Sklepy<\/strong> (17)<\/a><\/h3><\/div><\/div><\/div><div class=\"col-md-4\"><div class=\"thumbnail\"><a href=\"https:\/\/kierunekfloryda.com\/polskiefirmy\/kategoria\/szkoly\/\" class=\"acadp-responsive-container\" title=\"View all posts in Szko\u0142y\"><img decoding=\"async\" src=\"https:\/\/kierunekfloryda.com\/polskiefirmy\/wp-content\/uploads\/2018\/06\/polskieszkoly-300x198.jpg\" class=\"acadp-responsive-item\" alt=\"\" \/><\/a><div class=\"caption\"><h3 class=\"acadp-no-margin\"><a href=\"https:\/\/kierunekfloryda.com\/polskiefirmy\/kategoria\/szkoly\/\" title=\"View all posts in Szko\u0142y\"><strong>Szko\u0142y<\/strong> (5)<\/a><\/h3><\/div><\/div><\/div><div class=\"col-md-4\"><div class=\"thumbnail\"><a href=\"https:\/\/kierunekfloryda.com\/polskiefirmy\/kategoria\/tlumaczenia\/\" class=\"acadp-responsive-container\" title=\"View all posts in T\u0142umaczenia\"><img decoding=\"async\" src=\"https:\/\/kierunekfloryda.com\/polskiefirmy\/wp-content\/uploads\/2018\/05\/tlumaczenia-300x200.jpg\" class=\"acadp-responsive-item\" alt=\"\" \/><\/a><div class=\"caption\"><h3 class=\"acadp-no-margin\"><a href=\"https:\/\/kierunekfloryda.com\/polskiefirmy\/kategoria\/tlumaczenia\/\" title=\"View all posts in T\u0142umaczenia\"><strong>T\u0142umaczenia<\/strong> (1)<\/a><\/h3><\/div><\/div><\/div><\/div><div class=\"row acadp-no-margin\"><div class=\"col-md-4\"><div class=\"thumbnail\"><a href=\"https:\/\/kierunekfloryda.com\/polskiefirmy\/kategoria\/ubezpieczenia\/\" class=\"acadp-responsive-container\" title=\"View all posts in Ubezpieczenia\"><img decoding=\"async\" src=\"https:\/\/kierunekfloryda.com\/polskiefirmy\/wp-content\/uploads\/2018\/05\/ubezpieczenia-300x200.jpg\" class=\"acadp-responsive-item\" alt=\"\" \/><\/a><div class=\"caption\"><h3 class=\"acadp-no-margin\"><a href=\"https:\/\/kierunekfloryda.com\/polskiefirmy\/kategoria\/ubezpieczenia\/\" title=\"View all posts in Ubezpieczenia\"><strong>Ubezpieczenia<\/strong> (1)<\/a><\/h3><\/div><\/div><\/div><div class=\"col-md-4\"><div class=\"thumbnail\"><a href=\"https:\/\/kierunekfloryda.com\/polskiefirmy\/kategoria\/uroda\/\" class=\"acadp-responsive-container\" title=\"View all posts in Uroda\"><img decoding=\"async\" src=\"https:\/\/kierunekfloryda.com\/polskiefirmy\/wp-content\/uploads\/2018\/05\/uroda-300x200.jpg\" class=\"acadp-responsive-item\" alt=\"\" \/><\/a><div class=\"caption\"><h3 class=\"acadp-no-margin\"><a href=\"https:\/\/kierunekfloryda.com\/polskiefirmy\/kategoria\/uroda\/\" title=\"View all posts in Uroda\"><strong>Uroda<\/strong> (4)<\/a><\/h3><\/div><\/div><\/div><\/div><\/div>\r\n\r\n<\/h3>\n","protected":false},"excerpt":{"rendered":"<p>Ostatnio dodane wpisy<\/p>\n","protected":false},"author":1,"featured_media":0,"parent":0,"menu_order":0,"comment_status":"closed","ping_status":"closed","template":"","meta":{"footnotes":""},"class_list":["post-17","page","type-page","status-publish","hentry"],"_links":{"self":[{"href":"https:\/\/kierunekfloryda.com\/polskiefirmy\/wp-json\/wp\/v2\/pages\/17","targetHints":{"allow":["GET"]}}],"collection":[{"href":"https:\/\/kierunekfloryda.com\/polskiefirmy\/wp-json\/wp\/v2\/pages"}],"about":[{"href":"https:\/\/kierunekfloryda.com\/polskiefirmy\/wp-json\/wp\/v2\/types\/page"}],"author":[{"embeddable":true,"href":"https:\/\/kierunekfloryda.com\/polskiefirmy\/wp-json\/wp\/v2\/users\/1"}],"replies":[{"embeddable":true,"href":"https:\/\/kierunekfloryda.com\/polskiefirmy\/wp-json\/wp\/v2\/comments?post=17"}],"version-history":[{"count":15,"href":"https:\/\/kierunekfloryda.com\/polskiefirmy\/wp-json\/wp\/v2\/pages\/17\/revisions"}],"predecessor-version":[{"id":492,"href":"https:\/\/kierunekfloryda.com\/polskiefirmy\/wp-json\/wp\/v2\/pages\/17\/revisions\/492"}],"wp:attachment":[{"href":"https:\/\/kierunekfloryda.com\/polskiefirmy\/wp-json\/wp\/v2\/media?parent=17"}],"curies":[{"name":"wp","href":"https:\/\/api.w.org\/{rel}","templated":true}]}}